{"id":76,"date":"2013-06-07T11:28:45","date_gmt":"2013-06-07T11:28:45","guid":{"rendered":"http:\/\/demo.woothemes.com\/woocommerce\/?post_type=product&#038;p=76"},"modified":"2023-09-22T15:15:05","modified_gmt":"2023-09-22T15:15:05","slug":"microscopio-biologico-binocular-mod-e100-nikon","status":"publish","type":"product","link":"https:\/\/ideallab.com.br\/loja\/?product=microscopio-biologico-binocular-mod-e100-nikon","title":{"rendered":"Microsc\u00f3pio Biol\u00f3gico Binocular Mod. E100 &#8211; NIKON"},"content":{"rendered":"<p>Microsc\u00f3pio Biol\u00f3gico Binocular Modelo ECLIPSE E100.<\/p>\n<p>Sistema \u00d3tica Infinita CFI, Dist\u00e2ncia Interpupilar Ajust\u00e1vel 47-75mm, Corpo (120V); Foco Fino Do Lado Direito, Rev\u00f3lver Qu\u00e1druplo; Platina Mec\u00e2nica Retangular De 155 X 134 Mm Com Charriot Direito, \u00c1rea De Trabalho 76 X 40mm;<\/p>\n<p>Filtro Azul 33 Mm;<\/p>\n<p>Rev\u00f3lver Qu\u00e1druplo;<\/p>\n<p>L\u00e2mpada De Halog\u00eanio 6V-20W;<\/p>\n<p>Par De Oculares CFI E 10 X (FO V. 18 Mm),<\/p>\n<p>Condensador ABBE NA 1.25 Com Diafragma;<\/p>\n<p>Objetiva CFI BE Plan Acrom\u00e1tica De 4X (NA 0.1 W.D. 25MM)<\/p>\n<p>Objetiva CFI BE Plan Acrom\u00e1tica De 10X (NA 0.25 W.D. 6.7MM)<\/p>\n<p>Objetiva CFI BE Plan Acrom\u00e1tica De 40X Retr\u00e1til (NA 0.65 W.D. 0.6MM)<\/p>\n<p>Objetiva CFI BE Plan Acrom\u00e1tica De 100X Retr\u00e1til Imers\u00e3o \u00d3leo (NA 1.25 W.D. 0.14MM);<\/p>\n","protected":false},"excerpt":{"rendered":"<p>Sistema \u00d3tica Infinita CFI, Dist\u00e2ncia Interpupilar Ajust\u00e1vel 47-75mm, Corpo (120V); Foco Fino Do Lado Direito, Rev\u00f3lver Qu\u00e1druplo; Platina Mec\u00e2nica Retangular De 155 X 134 Mm Com Charriot Direito, \u00c1rea De Trabalho 76 X 40mm;<\/p>\n","protected":false},"featured_media":5988,"comment_status":"open","ping_status":"closed","template":"","meta":[],"product_cat":[15],"product_tag":[],"class_list":{"0":"post-76","1":"product","2":"type-product","3":"status-publish","4":"has-post-thumbnail","6":"product_cat-sem-categoria","7":"product-column","9":"first","10":"instock","11":"featured","12":"shipping-taxable","13":"purchasable","14":"product-type-simple"},"_links":{"self":[{"href":"https:\/\/ideallab.com.br\/loja\/index.php?rest_route=\/wp\/v2\/product\/76","targetHints":{"allow":["GET"]}}],"collection":[{"href":"https:\/\/ideallab.com.br\/loja\/index.php?rest_route=\/wp\/v2\/product"}],"about":[{"href":"https:\/\/ideallab.com.br\/loja\/index.php?rest_route=\/wp\/v2\/types\/product"}],"replies":[{"embeddable":true,"href":"https:\/\/ideallab.com.br\/loja\/index.php?rest_route=%2Fwp%2Fv2%2Fcomments&post=76"}],"wp:featuredmedia":[{"embeddable":true,"href":"https:\/\/ideallab.com.br\/loja\/index.php?rest_route=\/wp\/v2\/media\/5988"}],"wp:attachment":[{"href":"https:\/\/ideallab.com.br\/loja\/index.php?rest_route=%2Fwp%2Fv2%2Fmedia&parent=76"}],"wp:term":[{"taxonomy":"product_cat","embeddable":true,"href":"https:\/\/ideallab.com.br\/loja\/index.php?rest_route=%2Fwp%2Fv2%2Fproduct_cat&post=76"},{"taxonomy":"product_tag","embeddable":true,"href":"https:\/\/ideallab.com.br\/loja\/index.php?rest_route=%2Fwp%2Fv2%2Fproduct_tag&post=76"}],"curies":[{"name":"wp","href":"https:\/\/api.w.org\/{rel}","templated":true}]}}