{"id":6348,"date":"2024-03-06T18:23:12","date_gmt":"2024-03-06T18:23:12","guid":{"rendered":"https:\/\/ideallab.com.br\/loja\/?post_type=product&#038;p=6348"},"modified":"2024-03-06T18:23:12","modified_gmt":"2024-03-06T18:23:12","slug":"bico-de-bunsen-com-registro","status":"publish","type":"product","link":"https:\/\/ideallab.com.br\/loja\/?product=bico-de-bunsen-com-registro","title":{"rendered":"Bico de Bunsen com Registro"},"content":{"rendered":"<p>Com regulagem para entrada de ar, guia com di\u00e2metro de 7\/16 em lat\u00e3o cromado, man\u00edpulo para regulagem de g\u00e1s e base de ferro pintada.<br \/>\nTamanho total de 14cm.<\/p>\n","protected":false},"excerpt":{"rendered":"<p>Com regulagem para entrada de ar, guia com di\u00e2metro de 7\/16 em lat\u00e3o cromado, man\u00edpulo para regulagem de g\u00e1s e base de ferro pintada. Tamanho total de 14cm.<\/p>\n","protected":false},"featured_media":6349,"comment_status":"open","ping_status":"closed","template":"","meta":[],"product_cat":[331,321],"product_tag":[],"class_list":{"0":"post-6348","1":"product","2":"type-product","3":"status-publish","4":"has-post-thumbnail","6":"product_cat-bico-de-bunsen-com-registro","7":"product_cat-ferragens-e-inox","8":"product-column","10":"first","11":"instock","12":"shipping-taxable","13":"product-type-simple"},"_links":{"self":[{"href":"https:\/\/ideallab.com.br\/loja\/index.php?rest_route=\/wp\/v2\/product\/6348","targetHints":{"allow":["GET"]}}],"collection":[{"href":"https:\/\/ideallab.com.br\/loja\/index.php?rest_route=\/wp\/v2\/product"}],"about":[{"href":"https:\/\/ideallab.com.br\/loja\/index.php?rest_route=\/wp\/v2\/types\/product"}],"replies":[{"embeddable":true,"href":"https:\/\/ideallab.com.br\/loja\/index.php?rest_route=%2Fwp%2Fv2%2Fcomments&post=6348"}],"wp:featuredmedia":[{"embeddable":true,"href":"https:\/\/ideallab.com.br\/loja\/index.php?rest_route=\/wp\/v2\/media\/6349"}],"wp:attachment":[{"href":"https:\/\/ideallab.com.br\/loja\/index.php?rest_route=%2Fwp%2Fv2%2Fmedia&parent=6348"}],"wp:term":[{"taxonomy":"product_cat","embeddable":true,"href":"https:\/\/ideallab.com.br\/loja\/index.php?rest_route=%2Fwp%2Fv2%2Fproduct_cat&post=6348"},{"taxonomy":"product_tag","embeddable":true,"href":"https:\/\/ideallab.com.br\/loja\/index.php?rest_route=%2Fwp%2Fv2%2Fproduct_tag&post=6348"}],"curies":[{"name":"wp","href":"https:\/\/api.w.org\/{rel}","templated":true}]}}