{"id":6330,"date":"2024-03-04T14:11:29","date_gmt":"2024-03-04T14:11:29","guid":{"rendered":"https:\/\/ideallab.com.br\/loja\/?post_type=product&#038;p=6330"},"modified":"2024-03-04T14:11:30","modified_gmt":"2024-03-04T14:11:30","slug":"carro-extra-triplex-sem-fechamento","status":"publish","type":"product","link":"https:\/\/ideallab.com.br\/loja\/?product=carro-extra-triplex-sem-fechamento","title":{"rendered":"Carro Extra Triplex &#8211; Sem Fechamento"},"content":{"rendered":"<p><strong>O Carro Extra Triplex \u00e9 um carro bandeja produzido em Polipropileno e Alum\u00ednio anodizado \u00e9 extremamente resistente e vers\u00e1til.<\/strong><\/p>\n<p>Possui sistema de 4 rodas girat\u00f3rias que facilitam os deslocamentos em locais restritos e corredores, ambientes prop\u00edcios para sua utiliza\u00e7\u00e3o.<\/p>\n<p>Com capacidade para at\u00e9 45 kg em cada compartimento \u00e9 ideal para servi\u00e7os em restaurantes e fast foods pois, suas dimens\u00f5es possibilitam o transporte de bandejas, pratos, talheres e outros.<\/p>\n","protected":false},"excerpt":{"rendered":"<p>O Carro Extra Triplex \u00e9 um carro bandeja produzido em Polipropileno e Alum\u00ednio anodizado \u00e9 extremamente resistente e vers\u00e1til. Possui sistema de 4 rodas girat\u00f3rias que facilitam os deslocamentos em locais restritos e corredores, ambientes prop\u00edcios para sua utiliza\u00e7\u00e3o. Com capacidade para at\u00e9 45 kg em cada compartimento \u00e9 ideal para servi\u00e7os em restaurantes e<a href=\"https:\/\/ideallab.com.br\/loja\/?product=carro-extra-triplex-sem-fechamento\" class=\"more-link\">Read More<\/a><\/p>\n","protected":false},"featured_media":6331,"comment_status":"open","ping_status":"closed","template":"","meta":[],"product_cat":[323],"product_tag":[],"class_list":{"0":"post-6330","1":"product","2":"type-product","3":"status-publish","4":"has-post-thumbnail","6":"product_cat-carro-extra-triplex-sem-fechamento","7":"product-column","9":"first","10":"instock","11":"shipping-taxable","12":"product-type-simple"},"_links":{"self":[{"href":"https:\/\/ideallab.com.br\/loja\/index.php?rest_route=\/wp\/v2\/product\/6330","targetHints":{"allow":["GET"]}}],"collection":[{"href":"https:\/\/ideallab.com.br\/loja\/index.php?rest_route=\/wp\/v2\/product"}],"about":[{"href":"https:\/\/ideallab.com.br\/loja\/index.php?rest_route=\/wp\/v2\/types\/product"}],"replies":[{"embeddable":true,"href":"https:\/\/ideallab.com.br\/loja\/index.php?rest_route=%2Fwp%2Fv2%2Fcomments&post=6330"}],"wp:featuredmedia":[{"embeddable":true,"href":"https:\/\/ideallab.com.br\/loja\/index.php?rest_route=\/wp\/v2\/media\/6331"}],"wp:attachment":[{"href":"https:\/\/ideallab.com.br\/loja\/index.php?rest_route=%2Fwp%2Fv2%2Fmedia&parent=6330"}],"wp:term":[{"taxonomy":"product_cat","embeddable":true,"href":"https:\/\/ideallab.com.br\/loja\/index.php?rest_route=%2Fwp%2Fv2%2Fproduct_cat&post=6330"},{"taxonomy":"product_tag","embeddable":true,"href":"https:\/\/ideallab.com.br\/loja\/index.php?rest_route=%2Fwp%2Fv2%2Fproduct_tag&post=6330"}],"curies":[{"name":"wp","href":"https:\/\/api.w.org\/{rel}","templated":true}]}}