{"id":6291,"date":"2024-02-07T17:54:12","date_gmt":"2024-02-07T17:54:12","guid":{"rendered":"https:\/\/ideallab.com.br\/loja\/?post_type=product&#038;p=6291"},"modified":"2024-02-07T17:54:12","modified_gmt":"2024-02-07T17:54:12","slug":"agitador-vortex-com-velocidade-ajustavel-na3600","status":"publish","type":"product","link":"https:\/\/ideallab.com.br\/loja\/?product=agitador-vortex-com-velocidade-ajustavel-na3600","title":{"rendered":"Agitador Vortex com Velocidade Ajust\u00e1vel NA3600"},"content":{"rendered":"<p><span class=\"TextRun SCXW103157144 BCX0\" lang=\"PT-BR\" xml:lang=\"PT-BR\" data-contrast=\"auto\"><span class=\"NormalTextRun SCXW103157144 BCX0\">Indicado para a homogeneiza\u00e7\u00e3o de diferentes materiais patol\u00f3gicos e para diversos tubos, \u00e9 utilizado em laborat\u00f3rios de pesquisas\u00a0<\/span><span class=\"NormalTextRun SCXW103157144 BCX0\">diversos<\/span><span class=\"NormalTextRun SCXW103157144 BCX0\">. Oferece excelente condi\u00e7\u00e3o de trabalho com muita rapidez e perfeita mistura das amostras aplicadas em tubos de at\u00e9 40 mm de di\u00e2metro, como os pequenos frascos de reagentes.<\/span><\/span><span class=\"EOP SCXW103157144 BCX0\" data-ccp-props=\"{&quot;201341983&quot;:0,&quot;335559739&quot;:160,&quot;335559740&quot;:259}\">\u00a0<\/span><\/p>\n<p>Tamb\u00e9m agita:<\/p>\n<ul>\n<li><span class=\"TextRun SCXW198889732 BCX0\" lang=\"PT-BR\" xml:lang=\"PT-BR\" data-contrast=\"auto\"><span class=\"NormalTextRun SCXW198889732 BCX0\">Bal\u00f5es Volum\u00e9tricos;<\/span><\/span><span class=\"EOP SCXW198889732 BCX0\" data-ccp-props=\"{&quot;201341983&quot;:0,&quot;335559739&quot;:160,&quot;335559740&quot;:259}\">\u00a0<\/span><\/li>\n<li><span class=\"TextRun SCXW124444450 BCX0\" lang=\"PT-BR\" xml:lang=\"PT-BR\" data-contrast=\"auto\"><span class=\"NormalTextRun SCXW124444450 BCX0\">Frascos de Erlenmeyer;<\/span><\/span><span class=\"EOP SCXW124444450 BCX0\" data-ccp-props=\"{&quot;201341983&quot;:0,&quot;335559739&quot;:160,&quot;335559740&quot;:259}\">\u00a0<\/span><\/li>\n<li><span class=\"TextRun SCXW149910334 BCX0\" lang=\"PT-BR\" xml:lang=\"PT-BR\" data-contrast=\"auto\"><span class=\"NormalTextRun SCXW149910334 BCX0\">Tubos de Centr\u00edfuga;<\/span><\/span><span class=\"EOP SCXW149910334 BCX0\" data-ccp-props=\"{&quot;201341983&quot;:0,&quot;335559739&quot;:160,&quot;335559740&quot;:259}\">\u00a0<\/span><\/li>\n<li><span class=\"TextRun SCXW190644523 BCX0\" lang=\"PT-BR\" xml:lang=\"PT-BR\" data-contrast=\"auto\"><span class=\"NormalTextRun SCXW190644523 BCX0\">Cubetas de\u00a0<\/span><span class=\"NormalTextRun SpellingErrorV2Themed SCXW190644523 BCX0\">Color\u00edmetro<\/span><span class=\"NormalTextRun SCXW190644523 BCX0\">;<\/span><\/span><span class=\"EOP SCXW190644523 BCX0\" data-ccp-props=\"{&quot;201341983&quot;:0,&quot;335559739&quot;:160,&quot;335559740&quot;:259}\">\u00a0<\/span><\/li>\n<li><span class=\"TextRun SCXW253172124 BCX0\" lang=\"PT-BR\" xml:lang=\"PT-BR\" data-contrast=\"auto\"><span class=\"NormalTextRun SCXW253172124 BCX0\">Espectrofot\u00f4metro.<\/span><\/span><span class=\"EOP SCXW253172124 BCX0\" data-ccp-props=\"{&quot;201341983&quot;:0,&quot;335559739&quot;:160,&quot;335559740&quot;:259}\">\u00a0<\/span><\/li>\n<\/ul>\n<div><\/div>\n<p><span data-contrast=\"auto\">Montado em caixa de poliestireno (ABS), com 16 cm de altura, 15,5 cm de largura, 20,5 cm de comprimento e 2.200g, o equipamento possui base em alum\u00ednio s\u00f3lido com pintura eletrost\u00e1tica com p\u00e9 de borracha (tipo ventosas) especial e sistema antiderrapante para melhor fixa\u00e7\u00e3o \u00e0 bancada.<\/span><span data-ccp-props=\"{&quot;201341983&quot;:0,&quot;335559739&quot;:160,&quot;335559740&quot;:259}\">\u00a0<\/span><\/p>\n<p><span data-contrast=\"auto\">O recept\u00e1culo de borracha sint\u00e9tica para a acomoda\u00e7\u00e3o dos tubos com formato anat\u00f4mico que impede a entrada de l\u00edquidos no motor.<\/span><span data-ccp-props=\"{&quot;201341983&quot;:0,&quot;335559739&quot;:160,&quot;335559740&quot;:259}\">\u00a0<\/span><\/p>\n<p><span data-contrast=\"auto\">Com controle eletr\u00f4nico de velocidade, funciona no modo cont\u00ednuo ou, quando selecionado, no modo peri\u00f3dico e atua sob press\u00e3o em seu recept\u00e1culo de borracha.<\/span><span data-ccp-props=\"{&quot;201341983&quot;:0,&quot;335559739&quot;:160,&quot;335559740&quot;:259}\">\u00a0<\/span><\/p>\n<ul>\n<li><span class=\"TextRun SCXW217339589 BCX0\" lang=\"PT-BR\" xml:lang=\"PT-BR\" data-contrast=\"auto\"><span class=\"NormalTextRun SCXW217339589 BCX0\">Possui motor de 3.800 RPM, 110\/220 volts, 50\/60 Hz e consumo de 40 Watts;<\/span><\/span><span class=\"EOP SCXW217339589 BCX0\" data-ccp-props=\"{&quot;201341983&quot;:0,&quot;335559739&quot;:160,&quot;335559740&quot;:259}\">\u00a0<\/span><\/li>\n<li><span class=\"TextRun SCXW34669122 BCX0\" lang=\"PT-BR\" xml:lang=\"PT-BR\" data-contrast=\"auto\"><span class=\"NormalTextRun SCXW34669122 BCX0\">Cabo de for\u00e7a integrado ao equipamento, conforme NBR 13249-60884-1;<\/span><\/span><span class=\"EOP SCXW34669122 BCX0\" data-ccp-props=\"{&quot;201341983&quot;:0,&quot;335559739&quot;:160,&quot;335559740&quot;:259}\">\u00a0<\/span><\/li>\n<li><span class=\"TextRun SCXW16350447 BCX0\" lang=\"PT-BR\" xml:lang=\"PT-BR\" data-contrast=\"auto\"><span class=\"NormalTextRun SCXW16350447 BCX0\">Classe de prote\u00e7\u00e3o IP 21;<\/span><\/span><span class=\"EOP SCXW16350447 BCX0\" data-ccp-props=\"{&quot;201341983&quot;:0,&quot;335559739&quot;:160,&quot;335559740&quot;:259}\">\u00a0<\/span><\/li>\n<li><span class=\"TextRun SCXW212267793 BCX0\" lang=\"PT-BR\" xml:lang=\"PT-BR\" data-contrast=\"auto\"><span class=\"NormalTextRun SCXW212267793 BCX0\">Cada equipamento acompanha manual de instru\u00e7\u00f5es e termos de garantia.<\/span><\/span><span class=\"EOP SCXW212267793 BCX0\" data-ccp-props=\"{&quot;201341983&quot;:0,&quot;335559739&quot;:160,&quot;335559740&quot;:259}\">\u00a0<\/span><\/li>\n<\/ul>\n<div><\/div>\n<p><span class=\"TextRun SCXW268237199 BCX0\" lang=\"PT-BR\" xml:lang=\"PT-BR\" data-contrast=\"auto\"><span class=\"NormalTextRun SCXW268237199 BCX0\">Este produto \u00e9 constru\u00eddo de acordo com as normas da ABNT\/NBR de constru\u00e7\u00e3o e seguran\u00e7a, sendo que todos os comandos de opera\u00e7\u00e3o est\u00e3o localizados no painel frontal do equipamento.<\/span><\/span><span class=\"EOP SCXW268237199 BCX0\" data-ccp-props=\"{&quot;201341983&quot;:0,&quot;335559739&quot;:160,&quot;335559740&quot;:259}\">\u00a0<\/span><\/p>\n","protected":false},"excerpt":{"rendered":"<p>Indicado para a homogeneiza\u00e7\u00e3o de diferentes materiais patol\u00f3gicos e para diversos tubos, \u00e9 utilizado em laborat\u00f3rios de pesquisas\u00a0diversos. Oferece excelente condi\u00e7\u00e3o de trabalho com muita rapidez e perfeita mistura das amostras aplicadas em tubos de at\u00e9 40 mm de di\u00e2metro, como os pequenos frascos de reagentes.\u00a0 Tamb\u00e9m agita: Bal\u00f5es Volum\u00e9tricos;\u00a0 Frascos de Erlenmeyer;\u00a0 Tubos de<a href=\"https:\/\/ideallab.com.br\/loja\/?product=agitador-vortex-com-velocidade-ajustavel-na3600\" class=\"more-link\">Read More<\/a><\/p>\n","protected":false},"featured_media":6292,"comment_status":"open","ping_status":"closed","template":"","meta":[],"product_cat":[299,257],"product_tag":[],"class_list":{"0":"post-6291","1":"product","2":"type-product","3":"status-publish","4":"has-post-thumbnail","6":"product_cat-agitador-vortex-com-velocidade-ajustavel-na3600","7":"product_cat-equipamentos","8":"product-column","10":"first","11":"instock","12":"shipping-taxable","13":"product-type-simple"},"_links":{"self":[{"href":"https:\/\/ideallab.com.br\/loja\/index.php?rest_route=\/wp\/v2\/product\/6291","targetHints":{"allow":["GET"]}}],"collection":[{"href":"https:\/\/ideallab.com.br\/loja\/index.php?rest_route=\/wp\/v2\/product"}],"about":[{"href":"https:\/\/ideallab.com.br\/loja\/index.php?rest_route=\/wp\/v2\/types\/product"}],"replies":[{"embeddable":true,"href":"https:\/\/ideallab.com.br\/loja\/index.php?rest_route=%2Fwp%2Fv2%2Fcomments&post=6291"}],"wp:featuredmedia":[{"embeddable":true,"href":"https:\/\/ideallab.com.br\/loja\/index.php?rest_route=\/wp\/v2\/media\/6292"}],"wp:attachment":[{"href":"https:\/\/ideallab.com.br\/loja\/index.php?rest_route=%2Fwp%2Fv2%2Fmedia&parent=6291"}],"wp:term":[{"taxonomy":"product_cat","embeddable":true,"href":"https:\/\/ideallab.com.br\/loja\/index.php?rest_route=%2Fwp%2Fv2%2Fproduct_cat&post=6291"},{"taxonomy":"product_tag","embeddable":true,"href":"https:\/\/ideallab.com.br\/loja\/index.php?rest_route=%2Fwp%2Fv2%2Fproduct_tag&post=6291"}],"curies":[{"name":"wp","href":"https:\/\/api.w.org\/{rel}","templated":true}]}}