{"id":6284,"date":"2024-02-07T11:52:33","date_gmt":"2024-02-07T11:52:33","guid":{"rendered":"https:\/\/ideallab.com.br\/loja\/?post_type=product&#038;p=6284"},"modified":"2024-02-07T11:52:33","modified_gmt":"2024-02-07T11:52:33","slug":"carro-de-transporte-cp200-ecafix","status":"publish","type":"product","link":"https:\/\/ideallab.com.br\/loja\/?product=carro-de-transporte-cp200-ecafix","title":{"rendered":"Carro de Transporte CP200 &#8211; Ecafix"},"content":{"rendered":"<p class=\"font_8 wixui-rich-text__text\"><span class=\"wixui-rich-text__text\">CARRO DE SUPORTE E TRANSPORTE<\/span><\/p>\n<p class=\"font_8 wixui-rich-text__text\"><span class=\"wixui-rich-text__text\">Indicado para Cardioversores, Desfibriladores, Eletrocardi\u00f3grafos\u00a0e Eletrom\u00e9dicos em geral.<\/span><\/p>\n<p class=\"font_8 wixui-rich-text__text\"><span class=\"wixui-rich-text__text\">Ideal para cl\u00ednica, consult\u00f3rio, pronto socorro, posto m\u00e9dico, enfermaria, centro cir\u00fargico e UTI<\/span><\/p>\n<p class=\"font_8 wixui-rich-text__text\"><span class=\"wixui-rich-text__text\">Fabricado com chapas met\u00e1licas.<\/span><\/p>\n<p class=\"font_8 wixui-rich-text__text\"><span class=\"wixui-rich-text__text\">Montado em estrutura refor\u00e7ada em pintura a p\u00f3 de base pl\u00e1stica texturizada de alta resist\u00eancia a abras\u00e3o, corros\u00e3o e impacto.<\/span><\/p>\n<p class=\"font_8 wixui-rich-text__text\"><span class=\"wixui-rich-text__text\">Possui prateleira intermedi\u00e1ria para instrumentos e acess\u00f3rios<\/span><\/p>\n<p class=\"font_8 wixui-rich-text__text\"><span class=\"wixui-rich-text__text\">04 rod\u00edzios de 4\u201d, com giro de 360\u00b0 com freios nos frontais\u00a0<\/span><\/p>\n<p class=\"font_8 wixui-rich-text__text\"><span class=\"wixui-rich-text__text\">Cesta para acess\u00f3rios.<\/span><\/p>\n<p class=\"font_8 wixui-rich-text__text\"><span class=\"wixui-rich-text__text\">Dimens\u00f5es:\u00a0Altura\u00a092 cm x\u00a0Largura\u00a049 cm x\u00a0Comprimento\u00a055 cm\u00a0<\/span><\/p>\n<p class=\"font_8 wixui-rich-text__text\"><span class=\"wixui-rich-text__text\">Bandeja Superior:\u00a039,5 cm (L) x 36 cm (C)<\/span><\/p>\n<p class=\"font_8 wixui-rich-text__text\"><span class=\"wixui-rich-text__text\">Bandeja Inferior:<\/span><span class=\"wixui-rich-text__text\">\u00a032<\/span><span class=\"wixui-rich-text__text\">\u00a0cm (L) x 36<\/span><span class=\"wixui-rich-text__text\">\u00a0cm (C)<\/span><\/p>\n<p class=\"font_8 wixui-rich-text__text\"><span class=\"wixui-rich-text__text\">Embalagem:\u00a01,07 m (A) x 62 cm (L) x 67 (C)<\/span><\/p>\n<p class=\"font_8 wixui-rich-text__text\"><span class=\"wixui-rich-text__text\">Peso L\u00edquido:<\/span><span class=\"wixui-rich-text__text\">\u00a017 Kg<\/span><\/p>\n<p class=\"font_8 wixui-rich-text__text\"><span class=\"wixui-rich-text__text\">Peso Bruto:<\/span><span class=\"wixui-rich-text__text\">\u00a018 Kg<\/span><\/p>\n<p class=\"font_8 wixui-rich-text__text\"><span class=\"wixui-rich-text__text\"><span class=\"wixGuard wixui-rich-text__text\">\u200b<\/span><\/span><\/p>\n<p class=\"font_8 wixui-rich-text__text\"><span class=\"wixui-rich-text__text\">COD: CP200<\/span><\/p>\n<p class=\"font_8 wixui-rich-text__text\"><span class=\"wixui-rich-text__text\"><span class=\"wixGuard wixui-rich-text__text\">\u200b<\/span><\/span><\/p>\n<p class=\"font_8 wixui-rich-text__text\"><span class=\"wixui-rich-text__text\">\u00a0Fabrica\u00e7\u00e3o Nacional\u00a0<\/span><\/p>\n","protected":false},"excerpt":{"rendered":"<p>CARRO DE SUPORTE E TRANSPORTE Indicado para Cardioversores, Desfibriladores, Eletrocardi\u00f3grafos\u00a0e Eletrom\u00e9dicos em geral. Ideal para cl\u00ednica, consult\u00f3rio, pronto socorro, posto m\u00e9dico, enfermaria, centro cir\u00fargico e UTI Fabricado com chapas met\u00e1licas. Montado em estrutura refor\u00e7ada em pintura a p\u00f3 de base pl\u00e1stica texturizada de alta resist\u00eancia a abras\u00e3o, corros\u00e3o e impacto. Possui prateleira intermedi\u00e1ria para instrumentos<a href=\"https:\/\/ideallab.com.br\/loja\/?product=carro-de-transporte-cp200-ecafix\" class=\"more-link\">Read More<\/a><\/p>\n","protected":false},"featured_media":6285,"comment_status":"open","ping_status":"closed","template":"","meta":[],"product_cat":[295],"product_tag":[],"class_list":{"0":"post-6284","1":"product","2":"type-product","3":"status-publish","4":"has-post-thumbnail","6":"product_cat-carro-de-transporte-cp200-ecafix","7":"product-column","9":"first","10":"instock","11":"shipping-taxable","12":"product-type-simple"},"_links":{"self":[{"href":"https:\/\/ideallab.com.br\/loja\/index.php?rest_route=\/wp\/v2\/product\/6284","targetHints":{"allow":["GET"]}}],"collection":[{"href":"https:\/\/ideallab.com.br\/loja\/index.php?rest_route=\/wp\/v2\/product"}],"about":[{"href":"https:\/\/ideallab.com.br\/loja\/index.php?rest_route=\/wp\/v2\/types\/product"}],"replies":[{"embeddable":true,"href":"https:\/\/ideallab.com.br\/loja\/index.php?rest_route=%2Fwp%2Fv2%2Fcomments&post=6284"}],"wp:featuredmedia":[{"embeddable":true,"href":"https:\/\/ideallab.com.br\/loja\/index.php?rest_route=\/wp\/v2\/media\/6285"}],"wp:attachment":[{"href":"https:\/\/ideallab.com.br\/loja\/index.php?rest_route=%2Fwp%2Fv2%2Fmedia&parent=6284"}],"wp:term":[{"taxonomy":"product_cat","embeddable":true,"href":"https:\/\/ideallab.com.br\/loja\/index.php?rest_route=%2Fwp%2Fv2%2Fproduct_cat&post=6284"},{"taxonomy":"product_tag","embeddable":true,"href":"https:\/\/ideallab.com.br\/loja\/index.php?rest_route=%2Fwp%2Fv2%2Fproduct_tag&post=6284"}],"curies":[{"name":"wp","href":"https:\/\/api.w.org\/{rel}","templated":true}]}}