{"id":6275,"date":"2024-02-07T11:39:51","date_gmt":"2024-02-07T11:39:51","guid":{"rendered":"https:\/\/ideallab.com.br\/loja\/?post_type=product&#038;p=6275"},"modified":"2024-02-07T11:39:51","modified_gmt":"2024-02-07T11:39:51","slug":"carro-de-emergencia-b-340-biomaster","status":"publish","type":"product","link":"https:\/\/ideallab.com.br\/loja\/?product=carro-de-emergencia-b-340-biomaster","title":{"rendered":"Carro de Emerg\u00eancia B-340 Biomaster"},"content":{"rendered":"<p>CARRO DE EMERG\u00caNCIA MOD. B-340 Dimens\u00f5es : Carro ( larg x prof x alt ): (890 x 580 x 890)mm e gabinete (670 x 470 x 740 )mm. REGISTRO ANVISA N\u00b080451170002.<\/p>\n<p>CARRO DE EMERGENCIA MOD. B-340 BIOMASTER Aplica\u00e7\u00e3o: O carro de Emerg\u00eancia B-340 da Biomaster foi projetado para uso em PRONTO-SOCORRO, CL\u00cdNICA, UTI e CENTRO CIR\u00daRGICO. Produzido para atender as necessidades dos profissionais de sa\u00fade oferecendo praticidade, funcionamento e durabilidade com um design moderno e elegante. GARANTIA DE 01 ANO CONTRA DEFEITO DE FABRICA\u00c7\u00c3O Estrutura:Em chapa de a\u00e7o refor\u00e7ada ( chapa 1,59mm) com tratamento anti-corrosivo e acabamento em pintura eletrost\u00e1tica a p\u00f3 texturizada de alta resist\u00eancia na cor bege claro. Gabinete: Em duas vers\u00f5es com 04 ou 05 gavetas com a frente em poliestireno moldado com design moderno, funcional e de alta resist\u00eancia. Na vers\u00e3o de 04 gavetas possui 03 gavetas menores nas dimens\u00f5es larg x prof x altura (580x385x110)mm e 01 gavet\u00e3o\/compartilhamento com porta basculante para uso geral de (580x385x220)mm para acomoda\u00e7\u00e3o de materiais de maior volume. Gaveta para medicamentos: A primeira gaveta possui divis\u00f3ria de poliestireno branco com 24 compartilhamentos para acomoda\u00e7\u00e3o de medicamentos. Tampo\/Mesa para Manipula\u00e7\u00e3o: Tampo do gabinete ou mesa dividido em duas partes moldadas em poliestireno com design moderno, funcional e de alta resist\u00eancia. Tampo com duas partes projetado para acomoda\u00e7\u00e3o de um aparelho e de um outro para manipula\u00e7\u00e3o de medicamentos. Trava com lacre: Travamento simult\u00e2neo de todas as gavetas atrav\u00e9s de um \u00fanico lacre numerado. Acompanham 20 lacres sobressalentes. Dispomos de lacres para fornecimento avulso. Rod\u00edzios: Quatro rod\u00edzios de 4\u00b4\u00b4 de di\u00e2metro sendo que 2 disp\u00f5em de freios. Opcionais: Varia\u00e7\u00f5es de Projeto Por termos total autonomia sobre a produ\u00e7\u00e3o deste equipamento, dispomo-nos a personalizar projetos em encomendas especiais para atendimento \u00e0s necessidades espec\u00edficas do cliente ou em atendimento as especifica\u00e7\u00f5es de editais de licita\u00e7\u00f5es. Acess\u00f3rios Standard: Puxadores em termo pl\u00e1stico nos dois lados do carro. Suporte de soro de altura regul\u00e1vel em a\u00e7o inoxid\u00e1vel embutido no gabinete. Suporte para cardioversor ou desfibrilador + monitor em duas vers\u00f5es: uma equipada com bra\u00e7o articulado, com bandeja girat\u00f3ria em 360 graus com trava por manipulo termopl\u00e1stico, nas dimens\u00f5es ( 460&#215;365)mm. A outra vers\u00e3o de suporte oferece bandeja dupla n\u00e3o girat\u00f3ria nas dimens\u00f5es ( 670&#215;470)mm para instala\u00e7\u00e3o de cardioversor ou desfibrilador e um outro aparelho auxiliar como um monitor, por exemplo.Esta vers\u00e3o de suporte permite opcionalmente instala\u00e7\u00e3o de painel de gases com aspirador, nebulizador, umidificadores e outros conforme especifica\u00e7\u00e3o do cliente. As dimens\u00f5es do suporte podem ser alteradas a pedido do cliente a fim de atender as dimens\u00f5es dos equipamentos que o cliente j\u00e1 possui. Conjunto de tomadas tipo filtro de linhas com cinco sa\u00eddas para liga\u00e7\u00e3o de aparelhos e cabo de extens\u00e3o de 4 metros de comprimento. T\u00e1bua de massagem card\u00edaca em acr\u00edlico cristal de 6mm de espessura com suporte para sua fixa\u00e7\u00e3o. Suporte para cilindro de oxig\u00eanio. Para-choque de borracha envolvendo todo o gabinete. Acess\u00f3rios opcionais (N\u00c3O INCLUSOS): Lixeira de a\u00e7o inoxid\u00e1vel. Lixeira pl\u00e1stica. Bra\u00e7o articulado com foco cl\u00ednico. Tampo em a\u00e7o inoxid\u00e1vel. Bandeja lateral deslizante Dimens\u00f5es: Carro ( larg x prof x alt ): (890 x 580 x 890)mm at\u00e9 o n\u00edvel da tampa do gabinete considerando os rod\u00edzios mais para-choque. Gabinete (670 x 470 x 740 )mm. Equipamento de fabrica\u00e7\u00e3o Nacional. REGISTRO ANVISA N\u00b080451170002.<\/p>\n","protected":false},"excerpt":{"rendered":"<p>CARRO DE EMERG\u00caNCIA MOD. B-340 Dimens\u00f5es : Carro ( larg x prof x alt ): (890 x 580 x 890)mm e gabinete (670 x 470 x 740 )mm. REGISTRO ANVISA N\u00b080451170002. CARRO DE EMERGENCIA MOD. B-340 BIOMASTER Aplica\u00e7\u00e3o: O carro de Emerg\u00eancia B-340 da Biomaster foi projetado para uso em PRONTO-SOCORRO, CL\u00cdNICA, UTI e CENTRO<a href=\"https:\/\/ideallab.com.br\/loja\/?product=carro-de-emergencia-b-340-biomaster\" class=\"more-link\">Read More<\/a><\/p>\n","protected":false},"featured_media":6276,"comment_status":"open","ping_status":"closed","template":"","meta":[],"product_cat":[292,288],"product_tag":[],"class_list":{"0":"post-6275","1":"product","2":"type-product","3":"status-publish","4":"has-post-thumbnail","6":"product_cat-carro-de-emergencia-b-340-biomaster","7":"product_cat-carro-de-emergencia-parada","8":"product-column","10":"first","11":"instock","12":"shipping-taxable","13":"product-type-simple"},"_links":{"self":[{"href":"https:\/\/ideallab.com.br\/loja\/index.php?rest_route=\/wp\/v2\/product\/6275","targetHints":{"allow":["GET"]}}],"collection":[{"href":"https:\/\/ideallab.com.br\/loja\/index.php?rest_route=\/wp\/v2\/product"}],"about":[{"href":"https:\/\/ideallab.com.br\/loja\/index.php?rest_route=\/wp\/v2\/types\/product"}],"replies":[{"embeddable":true,"href":"https:\/\/ideallab.com.br\/loja\/index.php?rest_route=%2Fwp%2Fv2%2Fcomments&post=6275"}],"wp:featuredmedia":[{"embeddable":true,"href":"https:\/\/ideallab.com.br\/loja\/index.php?rest_route=\/wp\/v2\/media\/6276"}],"wp:attachment":[{"href":"https:\/\/ideallab.com.br\/loja\/index.php?rest_route=%2Fwp%2Fv2%2Fmedia&parent=6275"}],"wp:term":[{"taxonomy":"product_cat","embeddable":true,"href":"https:\/\/ideallab.com.br\/loja\/index.php?rest_route=%2Fwp%2Fv2%2Fproduct_cat&post=6275"},{"taxonomy":"product_tag","embeddable":true,"href":"https:\/\/ideallab.com.br\/loja\/index.php?rest_route=%2Fwp%2Fv2%2Fproduct_tag&post=6275"}],"curies":[{"name":"wp","href":"https:\/\/api.w.org\/{rel}","templated":true}]}}