{"id":6271,"date":"2024-02-07T11:19:02","date_gmt":"2024-02-07T11:19:02","guid":{"rendered":"https:\/\/ideallab.com.br\/loja\/?post_type=product&#038;p=6271"},"modified":"2024-02-07T11:19:02","modified_gmt":"2024-02-07T11:19:02","slug":"esfigmomanometro-durashock-ds44-br-welchallyn","status":"publish","type":"product","link":"https:\/\/ideallab.com.br\/loja\/?product=esfigmomanometro-durashock-ds44-br-welchallyn","title":{"rendered":"Esfigmoman\u00f4metro DuraShock DS44 BR WelchAllyn"},"content":{"rendered":"<p>\u2022 O \u00fanico esfigmoman\u00f4metro aner\u00f3ide sem engrenagens para maior durabilidade do instrumento.<br \/>\n\u2022 Atende \u00e0s normas da AAMI de resist\u00eancia a impactos.<br \/>\n\u2022 Pode cair de uma altura de at\u00e9 76 cm, n\u00e3o quebra e n\u00e3o perde a calibra\u00e7\u00e3o.<br \/>\n\u2022 Garantia de calibra\u00e7\u00e3o por 5 anos.<br \/>\n\u2022 Man\u00f4metro gira 360 &#8212; para f\u00e1cil visualiza\u00e7\u00e3o.<br \/>\n\u2022 Leve e livre de l\u00e1tex para maior comodidade.<br \/>\n\u2022 \u00danico manguito para bra\u00e7o direito e esquerdo para posicionamento preciso.<br \/>\n\u2022 Design ergon\u00f4metro que permite trabalhar com a m\u00e3o direita ou esquerda.<\/p>\n","protected":false},"excerpt":{"rendered":"<p>\u2022 O \u00fanico esfigmoman\u00f4metro aner\u00f3ide sem engrenagens para maior durabilidade do instrumento. \u2022 Atende \u00e0s normas da AAMI de resist\u00eancia a impactos. \u2022 Pode cair de uma altura de at\u00e9 76 cm, n\u00e3o quebra e n\u00e3o perde a calibra\u00e7\u00e3o. \u2022 Garantia de calibra\u00e7\u00e3o por 5 anos. \u2022 Man\u00f4metro gira 360 &#8212; para f\u00e1cil visualiza\u00e7\u00e3o. \u2022<a href=\"https:\/\/ideallab.com.br\/loja\/?product=esfigmomanometro-durashock-ds44-br-welchallyn\" class=\"more-link\">Read More<\/a><\/p>\n","protected":false},"featured_media":6272,"comment_status":"open","ping_status":"closed","template":"","meta":[],"product_cat":[283,285],"product_tag":[],"class_list":{"0":"post-6271","1":"product","2":"type-product","3":"status-publish","4":"has-post-thumbnail","6":"product_cat-aparelho-de-pressao-esfigmomanometros","7":"product_cat-esfigmomanometro-durashock-ds44-br","8":"product-column","10":"first","11":"instock","12":"shipping-taxable","13":"product-type-simple"},"_links":{"self":[{"href":"https:\/\/ideallab.com.br\/loja\/index.php?rest_route=\/wp\/v2\/product\/6271","targetHints":{"allow":["GET"]}}],"collection":[{"href":"https:\/\/ideallab.com.br\/loja\/index.php?rest_route=\/wp\/v2\/product"}],"about":[{"href":"https:\/\/ideallab.com.br\/loja\/index.php?rest_route=\/wp\/v2\/types\/product"}],"replies":[{"embeddable":true,"href":"https:\/\/ideallab.com.br\/loja\/index.php?rest_route=%2Fwp%2Fv2%2Fcomments&post=6271"}],"wp:featuredmedia":[{"embeddable":true,"href":"https:\/\/ideallab.com.br\/loja\/index.php?rest_route=\/wp\/v2\/media\/6272"}],"wp:attachment":[{"href":"https:\/\/ideallab.com.br\/loja\/index.php?rest_route=%2Fwp%2Fv2%2Fmedia&parent=6271"}],"wp:term":[{"taxonomy":"product_cat","embeddable":true,"href":"https:\/\/ideallab.com.br\/loja\/index.php?rest_route=%2Fwp%2Fv2%2Fproduct_cat&post=6271"},{"taxonomy":"product_tag","embeddable":true,"href":"https:\/\/ideallab.com.br\/loja\/index.php?rest_route=%2Fwp%2Fv2%2Fproduct_tag&post=6271"}],"curies":[{"name":"wp","href":"https:\/\/api.w.org\/{rel}","templated":true}]}}