{"id":6263,"date":"2024-02-06T17:59:33","date_gmt":"2024-02-06T17:59:33","guid":{"rendered":"https:\/\/ideallab.com.br\/loja\/?post_type=product&#038;p=6263"},"modified":"2024-02-06T18:03:42","modified_gmt":"2024-02-06T18:03:42","slug":"estetoscopio-duplo-rappaport-er200-bioland","status":"publish","type":"product","link":"https:\/\/ideallab.com.br\/loja\/?product=estetoscopio-duplo-rappaport-er200-bioland","title":{"rendered":"Estetosc\u00f3pio Duplo Rappaport ER200 Bioland"},"content":{"rendered":"<p>O Estetosc\u00f3pio Rappaport ER200, da marca Bioland \u00e9 recomendado para a ausculta n\u00e3o invasiva dos ru\u00eddos card\u00edacos, respirat\u00f3rios, pulmonares, arteriais, articulares, entre outros. Ideal para o uso cl\u00ednico. Possui um auscultador (diafragma) duplo, pode ser utilizado em adultos e crian\u00e7as, possui dois lados para ausculta, dando maior precis\u00e3o em sua utiliza\u00e7\u00e3o. O receptor duplo (diafragma e camp\u00e2nula) permite auscultar os sons mais baixos e o seu tubo duplo traz mais precis\u00e3o nas medi\u00e7\u00f5es. Inclui olivas emborrachadas, com melhor ajuste no canal auditivo, que oferecem maior conforto, e diafragmas para convers\u00e3o em diferentes formas de uso, permitindo que a an\u00e1lise seja feita sem interfer\u00eancias externas. A haste em cromo garante maior durabilidade. Possui diversidade de cores dispon\u00edveis para personaliza\u00e7\u00e3o do estetosc\u00f3pio de acordo com a prefer\u00eancia do profissional, proporcionando modernidade para o dia-a-dia.<\/p>\n","protected":false},"excerpt":{"rendered":"<p>O Estetosc\u00f3pio Rappaport ER200, da marca Bioland \u00e9 recomendado para a ausculta n\u00e3o invasiva dos ru\u00eddos card\u00edacos, respirat\u00f3rios, pulmonares, arteriais, articulares, entre outros. Ideal para o uso cl\u00ednico. Possui um auscultador (diafragma) duplo, pode ser utilizado em adultos e crian\u00e7as, possui dois lados para ausculta, dando maior precis\u00e3o em sua utiliza\u00e7\u00e3o. O receptor duplo (diafragma<a href=\"https:\/\/ideallab.com.br\/loja\/?product=estetoscopio-duplo-rappaport-er200-bioland\" class=\"more-link\">Read More<\/a><\/p>\n","protected":false},"featured_media":6265,"comment_status":"open","ping_status":"closed","template":"","meta":[],"product_cat":[275,273],"product_tag":[],"class_list":{"0":"post-6263","1":"product","2":"type-product","3":"status-publish","4":"has-post-thumbnail","6":"product_cat-estetoscopio-duplo-rappaport-er200-bioland","7":"product_cat-estetoscopios","8":"product-column","10":"first","11":"instock","12":"shipping-taxable","13":"product-type-simple"},"_links":{"self":[{"href":"https:\/\/ideallab.com.br\/loja\/index.php?rest_route=\/wp\/v2\/product\/6263","targetHints":{"allow":["GET"]}}],"collection":[{"href":"https:\/\/ideallab.com.br\/loja\/index.php?rest_route=\/wp\/v2\/product"}],"about":[{"href":"https:\/\/ideallab.com.br\/loja\/index.php?rest_route=\/wp\/v2\/types\/product"}],"replies":[{"embeddable":true,"href":"https:\/\/ideallab.com.br\/loja\/index.php?rest_route=%2Fwp%2Fv2%2Fcomments&post=6263"}],"wp:featuredmedia":[{"embeddable":true,"href":"https:\/\/ideallab.com.br\/loja\/index.php?rest_route=\/wp\/v2\/media\/6265"}],"wp:attachment":[{"href":"https:\/\/ideallab.com.br\/loja\/index.php?rest_route=%2Fwp%2Fv2%2Fmedia&parent=6263"}],"wp:term":[{"taxonomy":"product_cat","embeddable":true,"href":"https:\/\/ideallab.com.br\/loja\/index.php?rest_route=%2Fwp%2Fv2%2Fproduct_cat&post=6263"},{"taxonomy":"product_tag","embeddable":true,"href":"https:\/\/ideallab.com.br\/loja\/index.php?rest_route=%2Fwp%2Fv2%2Fproduct_tag&post=6263"}],"curies":[{"name":"wp","href":"https:\/\/api.w.org\/{rel}","templated":true}]}}