{"id":6255,"date":"2024-02-06T17:22:45","date_gmt":"2024-02-06T17:22:45","guid":{"rendered":"https:\/\/ideallab.com.br\/loja\/?post_type=product&#038;p=6255"},"modified":"2024-02-06T17:26:00","modified_gmt":"2024-02-06T17:26:00","slug":"camara-de-makler","status":"publish","type":"product","link":"https:\/\/ideallab.com.br\/loja\/?product=camara-de-makler","title":{"rendered":"Cam\u00e2ra de Makler"},"content":{"rendered":"<p>C\u00e2mara de contagem de espermatozoides em amostras de s\u00eamen. Possui lam\u00ednula de vidro com gride e profundidades de 10\u00b5L.<\/p>\n<ul>\n<li>Refer\u00eancia:\u00a0SM 363<\/li>\n<li>Marca:\u00a0Sefi-Medical Instruments<\/li>\n<\/ul>\n","protected":false},"excerpt":{"rendered":"<p>C\u00e2mara de contagem de espermatozoides em amostras de s\u00eamen. Possui lam\u00ednula de vidro com gride e profundidades de 10\u00b5L. Refer\u00eancia:\u00a0SM 363 Marca:\u00a0Sefi-Medical Instruments<\/p>\n","protected":false},"featured_media":6256,"comment_status":"open","ping_status":"closed","template":"","meta":[],"product_cat":[271],"product_tag":[],"class_list":{"0":"post-6255","1":"product","2":"type-product","3":"status-publish","4":"has-post-thumbnail","6":"product_cat-camara-de-makler","7":"product-column","9":"first","10":"instock","11":"shipping-taxable","12":"product-type-simple"},"_links":{"self":[{"href":"https:\/\/ideallab.com.br\/loja\/index.php?rest_route=\/wp\/v2\/product\/6255","targetHints":{"allow":["GET"]}}],"collection":[{"href":"https:\/\/ideallab.com.br\/loja\/index.php?rest_route=\/wp\/v2\/product"}],"about":[{"href":"https:\/\/ideallab.com.br\/loja\/index.php?rest_route=\/wp\/v2\/types\/product"}],"replies":[{"embeddable":true,"href":"https:\/\/ideallab.com.br\/loja\/index.php?rest_route=%2Fwp%2Fv2%2Fcomments&post=6255"}],"wp:featuredmedia":[{"embeddable":true,"href":"https:\/\/ideallab.com.br\/loja\/index.php?rest_route=\/wp\/v2\/media\/6256"}],"wp:attachment":[{"href":"https:\/\/ideallab.com.br\/loja\/index.php?rest_route=%2Fwp%2Fv2%2Fmedia&parent=6255"}],"wp:term":[{"taxonomy":"product_cat","embeddable":true,"href":"https:\/\/ideallab.com.br\/loja\/index.php?rest_route=%2Fwp%2Fv2%2Fproduct_cat&post=6255"},{"taxonomy":"product_tag","embeddable":true,"href":"https:\/\/ideallab.com.br\/loja\/index.php?rest_route=%2Fwp%2Fv2%2Fproduct_tag&post=6255"}],"curies":[{"name":"wp","href":"https:\/\/api.w.org\/{rel}","templated":true}]}}