{"id":6251,"date":"2024-02-06T17:09:27","date_gmt":"2024-02-06T17:09:27","guid":{"rendered":"https:\/\/ideallab.com.br\/loja\/?post_type=product&#038;p=6251"},"modified":"2024-02-06T17:09:27","modified_gmt":"2024-02-06T17:09:27","slug":"relogio-multitimer-digital-nt3000d","status":"publish","type":"product","link":"https:\/\/ideallab.com.br\/loja\/?product=relogio-multitimer-digital-nt3000d","title":{"rendered":"Rel\u00f3gio Multitimer Digital NT3000d"},"content":{"rendered":"<p><span class=\"TextRun SCXW198733129 BCX0\" lang=\"PT-BR\" xml:lang=\"PT-BR\" data-contrast=\"auto\"><span class=\"NormalTextRun SCXW198733129 BCX0\">T<\/span><span class=\"NormalTextRun SCXW198733129 BCX0\">em seu uso consagrado em diversas \u00e1reas desde o seguimento da est\u00e9tica at\u00e9 o laboratorial. Usado em laborat\u00f3rios de pesquisas e ind\u00fastrias<\/span><span class=\"NormalTextRun SCXW198733129 BCX0\">.<\/span><span class=\"NormalTextRun SCXW198733129 BCX0\">\u00a0 Aparelho marcador de tempo para rea\u00e7\u00f5es\u00a0<\/span><span class=\"NormalTextRun SCXW198733129 BCX0\">qu\u00edmicas e bioqu\u00edmicas<\/span><span class=\"NormalTextRun SCXW198733129 BCX0\">, auxilia o operador a controlar o tempo de cada trabalho em opera\u00e7\u00e3o facilitando a rotina laboratorial.<\/span><\/span><span class=\"EOP SCXW198733129 BCX0\" data-ccp-props=\"{&quot;201341983&quot;:0,&quot;335559739&quot;:160,&quot;335559740&quot;:259}\">\u00a0<\/span><\/p>\n<p><span class=\"TextRun SCXW165270415 BCX0\" lang=\"PT-BR\" xml:lang=\"PT-BR\" data-contrast=\"auto\"><span class=\"NormalTextRun SCXW165270415 BCX0\">Caixa e base m<\/span><span class=\"NormalTextRun SCXW165270415 BCX0\">ontado<\/span><span class=\"NormalTextRun SCXW165270415 BCX0\">s<\/span><span class=\"NormalTextRun SCXW165270415 BCX0\">\u00a0em poliestireno (ABS), com p\u00e9s de borracha especial e antiderrapante para melhor fixa\u00e7\u00e3o \u00e0 bancada.<\/span><\/span><span class=\"EOP SCXW165270415 BCX0\" data-ccp-props=\"{&quot;201341983&quot;:0,&quot;335559739&quot;:160,&quot;335559740&quot;:259}\">\u00a0<\/span><\/p>\n<ul>\n<li><span class=\"NormalTextRun SCXW231005644 BCX0\">3<\/span><span class=\"NormalTextRun SCXW231005644 BCX0\">1<\/span><span class=\"NormalTextRun SCXW231005644 BCX0\">\u00a0timer simult\u00e2neos com precis\u00e3o de quartzo;<\/span><\/li>\n<li><span class=\"TextRun SCXW216454360 BCX0\" lang=\"PT-BR\" xml:lang=\"PT-BR\" data-contrast=\"auto\"><span class=\"NormalTextRun SCXW216454360 BCX0\">Faixa de tempos de 1 a 999 minutos com incrementos de 1 minuto;<\/span><\/span><span class=\"EOP SCXW216454360 BCX0\" data-ccp-props=\"{&quot;201341983&quot;:0,&quot;335559739&quot;:160,&quot;335559740&quot;:259}\">\u00a0<\/span><\/li>\n<li><span class=\"TextRun SCXW97535987 BCX0\" lang=\"PT-BR\" xml:lang=\"PT-BR\" data-contrast=\"auto\"><span class=\"NormalTextRun SCXW97535987 BCX0\">Display digital e alarme sonoro;<\/span><\/span><span class=\"EOP SCXW97535987 BCX0\" data-ccp-props=\"{&quot;201341983&quot;:0,&quot;335559739&quot;:160,&quot;335559740&quot;:259}\">\u00a0<\/span><\/li>\n<li><span class=\"TextRun SCXW132405545 BCX0\" lang=\"PT-BR\" xml:lang=\"PT-BR\" data-contrast=\"auto\"><span class=\"NormalTextRun SCXW132405545 BCX0\">Bateria interna recarreg\u00e1vel com 2 horas de autonomia mantendo o funcionamento;<\/span><\/span><\/li>\n<li><span class=\"EOP SCXW253172124 BCX0\" data-ccp-props=\"{&quot;201341983&quot;:0,&quot;335559739&quot;:160,&quot;335559740&quot;:259}\"><span class=\"TextRun SCXW166431821 BCX0\" lang=\"PT-BR\" xml:lang=\"PT-BR\" data-contrast=\"auto\"><span class=\"NormalTextRun SCXW166431821 BCX0\">Cada Timer mostra o tempo programado, o tempo restante;<\/span><\/span><\/span><\/li>\n<li><span class=\"TextRun SCXW22121643 BCX0\" lang=\"PT-BR\" xml:lang=\"PT-BR\" data-contrast=\"auto\"><span class=\"NormalTextRun SCXW22121643 BCX0\">Chave seletora de voltagem;<\/span><\/span><span class=\"EOP SCXW22121643 BCX0\" data-ccp-props=\"{&quot;201341983&quot;:0,&quot;335559739&quot;:160,&quot;335559740&quot;:259}\">\u00a0<\/span><\/li>\n<li><span class=\"TextRun SCXW92759861 BCX0\" lang=\"PT-BR\" xml:lang=\"PT-BR\" data-contrast=\"auto\"><span class=\"NormalTextRun SCXW92759861 BCX0\">Cabo de for\u00e7a integrado ao equipamento conforme ABNT\/NBR;<\/span><\/span><span class=\"EOP SCXW92759861 BCX0\" data-ccp-props=\"{&quot;201341983&quot;:0,&quot;335559739&quot;:160,&quot;335559740&quot;:259}\">\u00a0<\/span><\/li>\n<li><span class=\"TextRun SCXW226165277 BCX0\" lang=\"PT-BR\" xml:lang=\"PT-BR\" data-contrast=\"auto\"><span class=\"NormalTextRun SCXW226165277 BCX0\">Caixa em poliestireno (ABS) 4 mm;<\/span><\/span><span class=\"EOP SCXW226165277 BCX0\" data-ccp-props=\"{&quot;201341983&quot;:0,&quot;335559739&quot;:160,&quot;335559740&quot;:259}\">\u00a0<\/span><\/li>\n<li><span class=\"TextRun SCXW3560062 BCX0\" lang=\"PT-BR\" xml:lang=\"PT-BR\" data-contrast=\"auto\"><span class=\"NormalTextRun SCXW3560062 BCX0\">Dimens\u00f5es: 7x14x17 cm (<\/span><span class=\"NormalTextRun SpellingErrorV2Themed SCXW3560062 BCX0\">AxLxP<\/span><span class=\"NormalTextRun SCXW3560062 BCX0\">);<\/span><\/span><span class=\"EOP SCXW3560062 BCX0\" data-ccp-props=\"{&quot;201341983&quot;:0,&quot;335559739&quot;:160,&quot;335559740&quot;:259}\">\u00a0<\/span><\/li>\n<li><span class=\"TextRun SCXW165503134 BCX0\" lang=\"PT-BR\" xml:lang=\"PT-BR\" data-contrast=\"auto\"><span class=\"NormalTextRun SCXW165503134 BCX0\">Peso: 0,470 Kg;<\/span><\/span><\/li>\n<li><span class=\"TextRun SCXW21553631 BCX0\" lang=\"PT-BR\" xml:lang=\"PT-BR\" data-contrast=\"auto\"><span class=\"NormalTextRun SCXW21553631 BCX0\">Classe de prote\u00e7\u00e3o IP 21;<\/span><\/span><span class=\"EOP SCXW21553631 BCX0\" data-ccp-props=\"{&quot;201341983&quot;:0,&quot;335559739&quot;:160,&quot;335559740&quot;:259}\">\u00a0<\/span><\/li>\n<\/ul>\n<div><\/div>\n<p><span class=\"TextRun SCXW249357871 BCX0\" lang=\"PT-BR\" xml:lang=\"PT-BR\" data-contrast=\"auto\"><span class=\"NormalTextRun SCXW249357871 BCX0\">Este produto \u00e9 constru\u00eddo de acordo com as normas da ABNT\/NBR de constru\u00e7\u00e3o e seguran\u00e7a, sendo que todos os comandos de opera\u00e7\u00e3o est\u00e3o localizados no painel frontal do equipamento.<\/span><\/span><span class=\"EOP SCXW249357871 BCX0\" data-ccp-props=\"{&quot;201341983&quot;:0,&quot;335559739&quot;:160,&quot;335559740&quot;:259}\">\u00a0<\/span><\/p>\n","protected":false},"excerpt":{"rendered":"<p>Tem seu uso consagrado em diversas \u00e1reas desde o seguimento da est\u00e9tica at\u00e9 o laboratorial. Usado em laborat\u00f3rios de pesquisas e ind\u00fastrias.\u00a0 Aparelho marcador de tempo para rea\u00e7\u00f5es\u00a0qu\u00edmicas e bioqu\u00edmicas, auxilia o operador a controlar o tempo de cada trabalho em opera\u00e7\u00e3o facilitando a rotina laboratorial.\u00a0 Caixa e base montados\u00a0em poliestireno (ABS), com p\u00e9s de<a href=\"https:\/\/ideallab.com.br\/loja\/?product=relogio-multitimer-digital-nt3000d\" class=\"more-link\">Read More<\/a><\/p>\n","protected":false},"featured_media":6252,"comment_status":"open","ping_status":"closed","template":"","meta":[],"product_cat":[267,269],"product_tag":[],"class_list":{"0":"post-6251","1":"product","2":"type-product","3":"status-publish","4":"has-post-thumbnail","6":"product_cat-multitimer-digital","7":"product_cat-relogio-multitimer-digital-nt3000d","8":"product-column","10":"first","11":"instock","12":"shipping-taxable","13":"product-type-simple"},"_links":{"self":[{"href":"https:\/\/ideallab.com.br\/loja\/index.php?rest_route=\/wp\/v2\/product\/6251","targetHints":{"allow":["GET"]}}],"collection":[{"href":"https:\/\/ideallab.com.br\/loja\/index.php?rest_route=\/wp\/v2\/product"}],"about":[{"href":"https:\/\/ideallab.com.br\/loja\/index.php?rest_route=\/wp\/v2\/types\/product"}],"replies":[{"embeddable":true,"href":"https:\/\/ideallab.com.br\/loja\/index.php?rest_route=%2Fwp%2Fv2%2Fcomments&post=6251"}],"wp:featuredmedia":[{"embeddable":true,"href":"https:\/\/ideallab.com.br\/loja\/index.php?rest_route=\/wp\/v2\/media\/6252"}],"wp:attachment":[{"href":"https:\/\/ideallab.com.br\/loja\/index.php?rest_route=%2Fwp%2Fv2%2Fmedia&parent=6251"}],"wp:term":[{"taxonomy":"product_cat","embeddable":true,"href":"https:\/\/ideallab.com.br\/loja\/index.php?rest_route=%2Fwp%2Fv2%2Fproduct_cat&post=6251"},{"taxonomy":"product_tag","embeddable":true,"href":"https:\/\/ideallab.com.br\/loja\/index.php?rest_route=%2Fwp%2Fv2%2Fproduct_tag&post=6251"}],"curies":[{"name":"wp","href":"https:\/\/api.w.org\/{rel}","templated":true}]}}