{"id":6233,"date":"2024-02-06T11:52:12","date_gmt":"2024-02-06T11:52:12","guid":{"rendered":"https:\/\/ideallab.com.br\/loja\/?post_type=product&#038;p=6233"},"modified":"2024-02-06T11:52:12","modified_gmt":"2024-02-06T11:52:12","slug":"centrifuga-laboratorial-hcl-4-rotor-basculante","status":"publish","type":"product","link":"https:\/\/ideallab.com.br\/loja\/?product=centrifuga-laboratorial-hcl-4-rotor-basculante","title":{"rendered":"Centrifuga Laboratorial HCL-4 (Rotor Basculante)"},"content":{"rendered":"<p>A\u00a0Centr\u00edfuga HCL-4\u00a0\u00e9 um equipamento destinado a separar os elementos que comp\u00f5em o sangue e outros \ufb02u\u00eddos corporais.<br \/>\nO painel de controle, touch screen, proporciona facilidade, seguran\u00e7a na opera\u00e7\u00e3o do equipamento e maior precis\u00e3o.<\/p>\n","protected":false},"excerpt":{"rendered":"<p>A\u00a0Centr\u00edfuga HCL-4\u00a0\u00e9 um equipamento destinado a separar os elementos que comp\u00f5em o sangue e outros \ufb02u\u00eddos corporais. O painel de controle, touch screen, proporciona facilidade, seguran\u00e7a na opera\u00e7\u00e3o do equipamento e maior precis\u00e3o.<\/p>\n","protected":false},"featured_media":6234,"comment_status":"open","ping_status":"closed","template":"","meta":[],"product_cat":[265,257],"product_tag":[],"class_list":{"0":"post-6233","1":"product","2":"type-product","3":"status-publish","4":"has-post-thumbnail","6":"product_cat-centrifugas","7":"product_cat-equipamentos","8":"product-column","10":"first","11":"instock","12":"shipping-taxable","13":"product-type-simple"},"_links":{"self":[{"href":"https:\/\/ideallab.com.br\/loja\/index.php?rest_route=\/wp\/v2\/product\/6233","targetHints":{"allow":["GET"]}}],"collection":[{"href":"https:\/\/ideallab.com.br\/loja\/index.php?rest_route=\/wp\/v2\/product"}],"about":[{"href":"https:\/\/ideallab.com.br\/loja\/index.php?rest_route=\/wp\/v2\/types\/product"}],"replies":[{"embeddable":true,"href":"https:\/\/ideallab.com.br\/loja\/index.php?rest_route=%2Fwp%2Fv2%2Fcomments&post=6233"}],"wp:featuredmedia":[{"embeddable":true,"href":"https:\/\/ideallab.com.br\/loja\/index.php?rest_route=\/wp\/v2\/media\/6234"}],"wp:attachment":[{"href":"https:\/\/ideallab.com.br\/loja\/index.php?rest_route=%2Fwp%2Fv2%2Fmedia&parent=6233"}],"wp:term":[{"taxonomy":"product_cat","embeddable":true,"href":"https:\/\/ideallab.com.br\/loja\/index.php?rest_route=%2Fwp%2Fv2%2Fproduct_cat&post=6233"},{"taxonomy":"product_tag","embeddable":true,"href":"https:\/\/ideallab.com.br\/loja\/index.php?rest_route=%2Fwp%2Fv2%2Fproduct_tag&post=6233"}],"curies":[{"name":"wp","href":"https:\/\/api.w.org\/{rel}","templated":true}]}}