{"id":6209,"date":"2024-02-01T17:02:56","date_gmt":"2024-02-01T17:02:56","guid":{"rendered":"https:\/\/ideallab.com.br\/loja\/?post_type=product&#038;p=6209"},"modified":"2024-02-01T17:02:56","modified_gmt":"2024-02-01T17:02:56","slug":"termometro-digital-max-e-min-c-alarme","status":"publish","type":"product","link":"https:\/\/ideallab.com.br\/loja\/?product=termometro-digital-max-e-min-c-alarme","title":{"rendered":"Termometro Digital Max. e Min. c\/ alarme"},"content":{"rendered":"<p>O term\u00f4metro de m\u00e1xima e m\u00ednima \u00e9 um instrumento de qualidade comprovada, destinado para medir a temperatura e suas m\u00e1ximas e m\u00ednimas. Indicado para v\u00e1rias aplica\u00e7\u00f5es como monitoramento de temperatura em freezers, caixa de vacinas, caixas de armazenamento e ambientes climatizados em geral.<\/p>\n","protected":false},"excerpt":{"rendered":"<p>O term\u00f4metro de m\u00e1xima e m\u00ednima \u00e9 um instrumento de qualidade comprovada, destinado para medir a temperatura e suas m\u00e1ximas e m\u00ednimas. Indicado para v\u00e1rias aplica\u00e7\u00f5es como monitoramento de temperatura em freezers, caixa de vacinas, caixas de armazenamento e ambientes climatizados em geral.<\/p>\n","protected":false},"featured_media":6210,"comment_status":"open","ping_status":"closed","template":"","meta":[],"product_cat":[255,251],"product_tag":[],"class_list":{"0":"post-6209","1":"product","2":"type-product","3":"status-publish","4":"has-post-thumbnail","6":"product_cat-termometro-digital-max-e-min","7":"product_cat-termometros","8":"product-column","10":"first","11":"instock","12":"shipping-taxable","13":"purchasable","14":"product-type-simple"},"_links":{"self":[{"href":"https:\/\/ideallab.com.br\/loja\/index.php?rest_route=\/wp\/v2\/product\/6209","targetHints":{"allow":["GET"]}}],"collection":[{"href":"https:\/\/ideallab.com.br\/loja\/index.php?rest_route=\/wp\/v2\/product"}],"about":[{"href":"https:\/\/ideallab.com.br\/loja\/index.php?rest_route=\/wp\/v2\/types\/product"}],"replies":[{"embeddable":true,"href":"https:\/\/ideallab.com.br\/loja\/index.php?rest_route=%2Fwp%2Fv2%2Fcomments&post=6209"}],"wp:featuredmedia":[{"embeddable":true,"href":"https:\/\/ideallab.com.br\/loja\/index.php?rest_route=\/wp\/v2\/media\/6210"}],"wp:attachment":[{"href":"https:\/\/ideallab.com.br\/loja\/index.php?rest_route=%2Fwp%2Fv2%2Fmedia&parent=6209"}],"wp:term":[{"taxonomy":"product_cat","embeddable":true,"href":"https:\/\/ideallab.com.br\/loja\/index.php?rest_route=%2Fwp%2Fv2%2Fproduct_cat&post=6209"},{"taxonomy":"product_tag","embeddable":true,"href":"https:\/\/ideallab.com.br\/loja\/index.php?rest_route=%2Fwp%2Fv2%2Fproduct_tag&post=6209"}],"curies":[{"name":"wp","href":"https:\/\/api.w.org\/{rel}","templated":true}]}}